{"id":54,"date":"2009-05-29T10:13:07","date_gmt":"2009-05-29T15:13:07","guid":{"rendered":"https:\/\/blogs.iwu.edu\/johnupdikesociety\/?page_id=54"},"modified":"2025-07-06T10:41:33","modified_gmt":"2025-07-06T15:41:33","slug":"select-online-interviews","status":"publish","type":"page","link":"https:\/\/blogs.iwu.edu\/johnupdikesociety\/select-online-interviews\/","title":{"rendered":"Online Interviews and Readings"},"content":{"rendered":"<p><strong>Interviews:<\/strong><\/p>\n<p><a href=\"https:\/\/www.youtube.com\/watch?v=3ShRXExuL1g\">&#8220;John Updike: &#8216;One way to make a living that didn&#8217;t necessarily inflict pain on other people'&#8221;<\/a> (TMH). Updike interviewed in the hearth room of the Polly Dole House, with footage of the family (related to <em>Life<\/em> interview?)1966.<\/p>\n<p class=\"MsoNormal\"><a href=\"http:\/\/www.parisreview.com\/viewinterview.php\/prmMID\/4219\">\u201cThe Art of Fiction No. 43: John Updike\u201d<\/a> (<em>The Paris Review<\/em>, Charles Thomas Samuels), Issue 45, Winter 1968.<\/p>\n<p class=\"MsoNormal\"><a href=\"http:\/\/openvault.wgbh.org\/catalog\/d45fbe-john-updike\">&#8220;At Home with John Updike&#8221;<\/a> (WGBH TV, Boston, China Altman), July 28, 1978. Also on <a href=\"https:\/\/youtu.be\/he60VHqFRPs\">Discover News Television.<\/a><\/p>\n<p class=\"MsoNormal\"><a href=\"http:\/\/www.newyorker.com\/books\/page-turner\/american-centaur-an-interview-with-john-updike\">&#8220;American Centaur: An Interview with John Updike&#8221;<\/a> (Knjizevba Smotra, Zvonimir Radeljkovic and Omer Hadziselimovic), 1979. Original interview conducted on October 21, 1978, translated by Omer Had\u017eiselimovi\u0107 and Zvonimir Radeljkovi\u0107\u00a0and published in <em>The New Yorker.<\/em><\/p>\n<p><a href=\"https:\/\/youtu.be\/uQl1x1ps-k8?si=X04tKMo0_05Xtq7X\"><em>The Dick Cavett Show<\/em><\/a>, featuring John Updike and John Cheever (WNET-TV, New York),1981.<\/p>\n<p>&#8220;A Lovely Way through Life: An Interview with John Updike.&#8221; Philip Sheib,\u00a0<em>Southwest Review\u00a0<\/em>66:4 (Autumn 1981). Southern Methodist University.<\/p>\n<p class=\"MsoNormal\"><a href=\"http:\/\/wiredforbooks.org\/johnupdike\/\">\u201cAudio Interview with John Updike\u201d<\/a> (Wired for Books, Don Swaim), June 5, 1984.<\/p>\n<p><a href=\"https:\/\/www.youtube.com\/watch?v=4ITf1LpwZ7U\">&#8220;Upon Reflection: John Updike&#8221;<\/a> (with Al Page) UWTV (Univ. of Washington, Seattle) 1989. Posted Jan. 30, 2014.<\/p>\n<p><a href=\"https:\/\/www.bbc.co.uk\/sounds\/play\/p03m0sgx\">&#8220;Meridian Special: John Updike Interview&#8221;<\/a> (BBC Sounds), January 1, 1990.<\/p>\n<p class=\"MsoNormal\"><a href=\"http:\/\/fivedials.com\/news\/updike\">\u201cJohn Updike Interview\u201d<\/a> (Hamish Hamilton author interview, You Tube), 1995.<\/p>\n<p><a href=\"https:\/\/www.jstor.org\/stable\/44377333\">&#8220;John Updike Talks About Writing, His Life, and His Works: Part 2.&#8221;<\/a> Ronald G. Shafer,\u00a0<em>CEA Critic\u00a0<\/em>57-3 (Spring\/Summer 1995).<\/p>\n<p><a href=\"https:\/\/www.youtube.com\/watch?v=Fpkkk5035fc\">&#8220;&#8216;A&amp;P&#8217; Interview with John Updike&#8221;<\/a> (Donald M. Murray and Bruce R. Schwartz), October 29, 1995. Conducted in a room at the Charles Hotel in Cambridge. Posted November 19, 2022.<\/p>\n<p class=\"MsoNormal\"><a href=\"http:\/\/www.charlierose.com\/guest\/view\/436?pagenum=1\">John Updike on The Charlie Rose Show, 1995-2009 (Clips).<\/a><\/p>\n<p><a href=\"https:\/\/www.cbc.ca\/player\/play\/2685883374\">&#8220;John Updike Interview,&#8221; <\/a><em>Writers &amp; Company with Eleanor Wachtel<\/em>, CBC Radio One, Toronto, 1996.<\/p>\n<p><a href=\"https:\/\/www.jstor.org\/stable\/41054845\">&#8220;A Relaxed Conversation with John Updike.&#8221;<\/a> Julieta Ojeda Alba, <em>Atlantis<\/em> 18: 1-2 (June-Dec. 1996).<\/p>\n<p><a href=\"http:\/\/www.salon.com\/08\/features\/updike.html\">\u201cThe <\/a><em><a href=\"http:\/\/www.salon.com\/08\/features\/updike.html\">Salon<\/a><\/em><a href=\"http:\/\/www.salon.com\/08\/features\/updike.html\"> Interview: John Updike\u201d<\/a> (Dwight Garner), following publication of <em>In the Garden of Lilies.&#8221; <\/em><em><br \/>\n<\/em><\/p>\n<p><a href=\"https:\/\/www.sandiegoreader.com\/news\/1996\/feb\/29\/john-updikes-beauty-lilies\/\">&#8220;John Updike&#8217;s <em>In the Beauty of the Lilies<\/em>: <em>New Yorker<\/em>&#8216;s theological writer takes to Patterson, New Jersey.&#8221;<\/a> Judith Moore, <em>San Diego Reader<\/em>, Feb. 29, 1996.<\/p>\n<p class=\"MsoNormal\"><a href=\"http:\/\/www.youtube.com\/watch?v=aZhBomrm-Og\">&#8220;Charlie Rose\u2014John Updike on Rabbit&#8221;<\/a> (Charlie Rose Show, You Tube), October 6, 1997.<\/p>\n<p><a href=\"https:\/\/www.youtube.com\/watch?v=XmGpaDaPGiw\">&#8220;John Updike Interview&#8221;<\/a> (Charlie Rose Show, YouTube), 1998.<\/p>\n<p class=\"MsoNormal\"><a href=\"http:\/\/www.encyclopedia.com\/doc\/1P1-67521511.html\">\u201cInterview: John Updike discusses his new novel, \u2018Gertrude and Claudius\u2019\u201d<\/a> (NPR Talk of the Nation, Juan Williams), March 9, 2000.<\/p>\n<p><a href=\"https:\/\/www.youtube.com\/watch?v=tykszmyZZk8&amp;t=762s\">&#8220;John Updike &#8211; Part 1,&#8221;<\/a> <a href=\"https:\/\/www.youtube.com\/watch?v=-J5eDT5A7U4\">&#8220;John Updike &#8211; Part 2,&#8221;<\/a> <a href=\"https:\/\/www.youtube.com\/watch?v=hacbrcSAMrI&amp;t=11s\">&#8220;John Updike &#8211; Part 3&#8221;<\/a> (Raw interview footage from director Adam Van Doren&#8217;s 2000 documentary film,\u00a0<em>James Thurber: The Life and Hard Times<\/em>)<\/p>\n<p><a href=\"https:\/\/blankonblank.org\/interviews\/john-updike-on-family-affairs\/\">&#8220;John Updike on Family Affairs&#8221;<\/a> (<em>Blank on blank<\/em>, John Freeman), spring 2002.<\/p>\n<p class=\"MsoNormal\"><a href=\"http:\/\/www.writersdigest.com\/article\/remembering-john-updike\/\">\u201cThe WD Interview: John Updike\u201d<\/a> (<em>Writer\u2019s Digest<\/em>, Kelly Nickell), January 2002.<\/p>\n<p class=\"MsoNormal\"><a href=\"http:\/\/www.charlierose.com\/view\/interview\/2199\">\u201cAn Interview with John Updike\u201d<\/a> (The Charlie Rose Show), January 10, 2003.<\/p>\n<p class=\"MsoNormal\"><a href=\"http:\/\/www.pbs.org\/newshour\/bb\/entertainment\/july-dec03\/updike_12-29.html\">\u201cJohn Updike speaks with Jeffrey Brown: The Early Stories\u201d<\/a> (<em>NewsHour with Jim Lehrer<\/em>), December 29, 2003.<\/p>\n<p class=\"MsoNormal\"><a href=\"http:\/\/www.achievement.org\/autodoc\/page\/upd0int-1\">\u201cShowing Ordinary Life as Being Worth Writing About\u201d<\/a> (Academy of Achievement), June 12, 2004.<\/p>\n<p><a href=\"https:\/\/achievement.org\/achiever\/john-updike\/#interview\">&#8220;John Updike: Dreams from My Mother,&#8221;<\/a> What It Takes podcast. 2004. Posted January 28, 2019.<\/p>\n<p class=\"MsoNormal\"><a href=\"http:\/\/www.encyclopedia.com\/doc\/1P1-116422854.html\">\u201cInterview: John Updike on \u2018Still Looking\u2019 collects essays on art\u201d<\/a> (NPR Morning Edition, Steve Inskeep and Renee Montagne), November 10, 2005.<\/p>\n<p class=\"MsoNormal\"><a href=\"http:\/\/www.youtube.com\/watch?v=i484NzOX3Wc\">&#8220;John Updike on Bookworm, Pt. 1,&#8221;<\/a>\u00a0(<em>Bookworm<\/em> radio show, KCRW-FM, Michael Silverblatt),\u00a0Feb. 5, 2013 (conducted September 14, 2006), with Updike discussing <em>Terrorist.<br \/>\n<\/em><\/p>\n<p class=\"MsoNormal\"><a href=\"http:\/\/nymag.com\/arts\/books\/profiles\/51366\/\">\u201cIn \u2018Terrorist,\u2019 a Cautious Novelist Takes On a New Fear\u201d<\/a> (<em>The New York Times<\/em>, Charles McGrath), May 31, 2006.<\/p>\n<p class=\"MsoNormal\"><a href=\"http:\/\/www.bookpage.com\/0606bp\/john_updike.html\">\u201cHoly Terror: Updike goes inside the mind of a Muslim teen\u201d<\/a> (<em>BookPage<\/em>, Alden Mudge).<\/p>\n<p class=\"MsoNormal\"><a href=\"http:\/\/f.chtah.com\/i\/9\/276579820\/updike2.htm\">\u201cIn the Mind of a Terrorist: An Interview with John Updike\u201d<\/a> (<em>Borders.com<\/em>, Matt Nelson).<\/p>\n<p class=\"MsoNormal\"><a href=\"http:\/\/www.npr.org\/templates\/story\/story.php?storyId=5479128\">\u201cJohn Updike Explores Arab Immigrant Culture\u201d<\/a> (<em>NPR<\/em>, Steve Inskeep), June 13, 2006.<\/p>\n<p class=\"MsoNormal\"><a href=\"http:\/\/www.edrants.com\/segundo\/the-bat-segundo-show-50\/\">\u201c<\/a><em><a href=\"http:\/\/www.edrants.com\/segundo\/the-bat-segundo-show-50\/\">The Bat Segundo Show<\/a><\/em><a href=\"http:\/\/www.edrants.com\/segundo\/the-bat-segundo-show-50\/\"> #50: John Updike,\u201d<\/a> July 14, 2006.<\/p>\n<p class=\"MsoNormal\"><a href=\"http:\/\/www.guernicamag.com\/interviews\/2159\/updike_11_15_10\/\">&#8220;Updike Redux: Lila Azam Zanganeh interviews John Updike.&#8221;<\/a> (<em>Guernica: A Magazine of Art &amp; Politics<\/em>). November 2010 (conducted in 2006).<\/p>\n<p class=\"MsoNormal\"><a href=\"http:\/\/www.youtube.com\/watch?v=az5bLmYlcRc&amp;list=UUn-NLSQkV1SpvS6MyoUNqQg&amp;index=6\">&#8220;John Updike on Bookworm, Pt. 2,&#8221;<\/a> (<em>Bookworm<\/em> radio show, KCRW-FM, Michael Silverblatt), Feb. 5, 2013 (conducted September 21, 2006), with Updike discussing the Rabbit Angstrom novels.<\/p>\n<p class=\"MsoNormal\"><a href=\"http:\/\/www.nashvillescene.com\/2006-11-02\/arts\/the-last-of-his-kind\/\">\u201cThe Last of His Kind? A literary lion discusses regional identity, sex in literature and a future without authors\u201d<\/a> (<em>Nashville Scene<\/em>, Maria Browning), November 2, 2006.<\/p>\n<p class=\"MsoNormal\"><a href=\"http:\/\/ngm.nationalgeographic.com\/2007\/12\/bizarre-dinosaurs\/updike-interview-field-notes\">\u201cQ&amp;A with John Updike\u201d<\/a> (<em>National Geographic<\/em>, Jamie Shreeve), 2007.<\/p>\n<p class=\"MsoNormal\"><a href=\"http:\/\/www.neh.gov\/news\/humanities\/2008-05\/Interview.html\">\u201cThe Artist as Showman: A Conversation with John Updike\u201d<\/a> (<em>Humanities<\/em>, Bruce Cole), May\/June 2008, Volume 29 Number 3.<\/p>\n<p class=\"MsoNormal\"><a href=\"http:\/\/nymag.com\/arts\/books\/profiles\/51366\/\">\u201cUpdike and the Women\u201d<\/a> (<em>New York Books<\/em>, Emily Nussbaum), October 19, 2008.<\/p>\n<p class=\"MsoNormal\"><a href=\"http:\/\/www.youtube.com\/watch?v=qgF9d84IDE4\">&#8220;Night Talk on Bloomberg: An Interview with John Updike&#8221;<\/a>\u2014Video interview promoting <em>The Widows of Eastwick<\/em>.<\/p>\n<p class=\"MsoNormal\"><a href=\"http:\/\/www.guardian.co.uk\/books\/2008\/oct\/26\/john-updike\">\u201cDid I actually write a soliloquy for a hamster?\u201d<\/a> (<em>The Observer<\/em>, Peter Conrad), October 26, 2008.<\/p>\n<p class=\"MsoNormal\"><a href=\"http:\/\/www.nationalbook.org\/authorsguide_jupdike.html\">\u201cInterview with John Updike\u201d<\/a> (National Book Foundation, Diane Osen).<\/p>\n<p class=\"MsoNormal\"><a href=\"http:\/\/www.youtube.com\/watch?v=W4cbFODoDH4\">&#8220;Arts: A Conversation with John Updike&#8221;<\/a> (<em>New York Times<\/em>, Sam Tanenhaus), October 2008.<\/p>\n<p class=\"MsoNormal\"><a href=\"http:\/\/www.telegraph.co.uk\/culture\/culturecritics\/gervasedewilde\/4386473\/John-Updikes-last-interview.html\">\u201cJohn Updike\u2019s last interview\u201d<\/a> (The <em>Telegraph<\/em>, Mick Brown), October, 2008.<\/p>\n<p class=\"MsoNormal\">&#8220;<a href=\"http:\/\/www.youtube.com\/watch?v=cpnSiCJCxPE\">Arts: John Updike, A Life in Letters<\/a>&#8220;\u2014(Charles &#8220;Chip&#8221; McGrath&#8217;s long <em>New York Times<\/em> video interview), 1.25 min., conducted in late 2008, originally released as a podcast.<\/p>\n<p><a href=\"https:\/\/www.youtube.com\/watch?v=R9w-y0UsJ6A\">&#8220;After Words In-Depth: John Updike&#8221;<\/a> (Book TV &#8211; C-SPAN &#8211; 3-hour interview with Susan Page), Jan. 29, 2009.<\/p>\n<p class=\"MsoNormal\"><strong>Readings:<\/strong><\/p>\n<p><a href=\"https:\/\/www.youtube.com\/watch?v=6_SGVtmwxF4\">&#8220;John Updike reading &#8216;Deaths of Distant Friends&#8221;<\/a>\u2014Updike reading his short story from the collection Trust Me. Posted 6 April 2019.<\/p>\n<p><a href=\"https:\/\/www.youtube.com\/watch?v=AFQlzsTZVRU\">&#8220;Updike reading his short story &#8216;Pygmalion'&#8221;<\/a>\u2014Updike reading another short story from the collection Trust Me. Posted 6 April 2019.<\/p>\n<p><a href=\"https:\/\/digitalcommons.iwu.edu\/founders_day_docs\/4\/\">&#8220;Founders&#8217; Day Convocation (2002 Program and video)&#8221;<\/a>\u2014Updike receiving an honorary degree (15:00) and delivering remarks\u2014&#8221;Readings Not Totally Unsuited to Founders&#8217; Day&#8221;\u2014at a convocation celebrating the opening of the Ames Library at Illinois Wesleyan University. 11 February 2002.<\/p>\n<p><a href=\"http:\/\/www.youtube.com\/watch?v=aD1Km4XvtMA&amp;feature=em-upload_owner\">&#8220;Updike address at Calvin College&#8221;<\/a>\u2014Readings and reflections, Festival of Faith and Writing Conference, April 4, 1998, filmed and posted on YouTube July 7, 2013 by John McTavish.<\/p>\n<p><strong>Miscellaneous You Tube posts:<\/strong><\/p>\n<p><a href=\"https:\/\/www.youtube.com\/watch?v=p85MmAecaZU\">&#8220;Famous Residents: John Updike&#8221;<\/a>\u2014Georgetown CTV YouTube slide-show contextualized mini-bio about Updike&#8217;s year&#8217;s in Georgetown, Mass., where he famously worked on Rabbit Is Rich. Posted 18 April 2019.<\/p>\n<p><a href=\"https:\/\/www.youtube.com\/watch?v=EVbF9UH9y4A\">&#8220;The Secret of John Updike&#8217;s Productivity&#8221;<\/a>\u2014Brief clip (2.5 min.) of <em>New Yorker <\/em>staff writer Adam Gopnik speaking at the Free Library in Philadelphia on March 12, 2019.<\/p>\n<p class=\"MsoNormal\"><a href=\"https:\/\/www.youtube.com\/watch?v=3NDE7577Wqw\">&#8220;From the Archives: Updike on <em>New Yorker<\/em> cartoons&#8221;<\/a>\u2014WGBH segment with host Chris Lydon, featuring John Updike commenting on\u00a0<em>New Yorker<\/em> cartoons as they walk through an exhibit. Posted 7 July 2014.<\/p>\n<p><a href=\"https:\/\/www.youtube.com\/watch?v=VjkUcqELp6o\">&#8220;Updike Memories: Mary, Miranda, and Michael&#8221;<\/a>\u2014Short (12.5 min.) documentary filmed by Updike grandson Kai Freyleue. Posted in 2011.<\/p>\n<p><a href=\"https:\/\/www.youtube.com\/watch?v=SdrkhwV0x_g&amp;t=49s\">&#8220;John Updike on the Golf Course&#8221;<\/a>\u2014Video clip of Updike on his Myopia Hunt Club golf course and also reading from his golf essays, from a segment titled &#8220;Golf Stories&#8221; that was produced by Peter Imber for a 1994 <em>Nightline<\/em> (ABC-TV) broadcast.<\/p>\n<p class=\"MsoNormal\"><a href=\"http:\/\/www.youtube.com\/watch?v=RApWC3Mn3UA\">&#8220;Profiles in Excellence: John Updike&#8221; (Penn State)<\/a>\u2014Clip of Updike accepting the 1983 Distinguished Pennsylvania Artist Award and a much later segment of him talking about Pennsylvania and his fiction, intercut with readings and footage of Pennsylvania.<\/p>\n<p class=\"MsoNormal\">&#8220;<a href=\"http:\/\/www.youtube.com\/watch?v=5IMTddHRRZY\">Author John Updike Dies<\/a>&#8220;\u2014Katie Couric (CBS) looks aback at the celebrated life of John Updike.<\/p>\n<p class=\"MsoNormal\"><a href=\"http:\/\/www.youtube.com\/watch?v=_QUqhuinOYI\">&#8220;Farewell to John Updike&#8221;<\/a>\u2014Charles Osgood (CBS) takes a look back at the celebrated life and distinguished career of John Updike.<\/p>\n<p class=\"MsoNormal\"><a href=\"http:\/\/www.youtube.com\/watch?v=eTFxjYMaJyE\">&#8220;John Updike, Prize-winning Writer, Dies&#8221;<\/a>\u2014The Associated Press video obituary.<\/p>\n<p class=\"MsoNormal\"><a href=\"http:\/\/www.youtube.com\/watch?v=-UffsrVH08Y\">&#8220;US Author John Updike dies at 76&#8221;<\/a>\u2014France 24, International News 24\/7 obituary.<\/p>\n<p class=\"MsoNormal\"><strong>C-Span Video Library:<\/strong><\/p>\n<p class=\"MsoNormal\"><a href=\"http:\/\/www.c-spanvideo.org\/program\/ACentu\">&#8220;A Century of Arts and Letters&#8221;<\/a>\u2014May 19, 1998\u2014Panelists discuss the book edited by John Updike,\u00a0<em>A Century of Arts and Letters<\/em>, commemorating the 100th anniversary of the American Academy of Arts and Letters.<\/p>\n<p class=\"MsoNormal\"><a href=\"http:\/\/www.c-spanvideo.org\/program\/BookAwar\">&#8220;National Book Awards Dinner&#8221;<\/a>\u2014November 18, 1998\u2014Updike speaks after receiving the Medal for Distinguished Contribution to American Letters.<\/p>\n<p class=\"MsoNormal\"><a href=\"http:\/\/www.c-spanvideo.org\/program\/JohnU\">&#8220;A Conversation with John Updike&#8221;<\/a>\u2014November 28, 2000, New York Public Library\u2014Updike talks about his career and discusses his various works.<\/p>\n<p class=\"MsoNormal\"><a href=\"http:\/\/www.c-spanvideo.org\/program\/FundB\">&#8220;September 11th Fund Benefit&#8221;<\/a>\u2014October 11, 2001\u2014Updike is among a group of East Coast writers who read from the works of others.<\/p>\n<p class=\"MsoNormal\"><a href=\"http:\/\/www.c-spanvideo.org\/program\/Updik\">&#8220;In Depth with John Updike&#8221;<\/a>\u2014December 4, 2005\u2014A long (almost three hours) interview.<\/p>\n<p class=\"MsoNormal\"><a href=\"http:\/\/www.c-spanvideo.org\/program\/BookandAut\">&#8220;Saturday Book and Author Breakfast&#8221;<\/a>\u2014May 19, 2006\u2014Maria Arana moderates a discussion with three authors who talk about recent books: Sen. Barrack Obama, Amy Sedaris, and John Updike (<em>Terrorist<\/em>).<\/p>\n<p class=\"MsoNormal\"><a href=\"http:\/\/www.c-spanvideo.org\/program\/AmericanAr\">&#8220;American Art&#8221;<\/a>\u2014May 22, 2008\u2014Updike delivers the 37th Annual Jefferson Lecture in the Humanitiesw on &#8220;The Clarity of Things: What Is American about American Art?&#8221;<\/p>\n<p><a href=\"https:\/\/www.youtube.com\/watch?v=MscyC92fwhY\">&#8220;Gertrude and Claudius&#8221;<\/a>\u2014July 21, 2019\u2014Barrington Stage behind-the-scenes clips and interviews.<\/p>\n","protected":false},"excerpt":{"rendered":"<p>Interviews: &#8220;John Updike: &#8216;One way to make a living that didn&#8217;t necessarily inflict pain on other people&#8217;&#8221; (TMH). Updike interviewed in the hearth room of the Polly Dole House, with footage of the family (related to Life interview?)1966. \u201cThe Art &hellip; <a href=\"https:\/\/blogs.iwu.edu\/johnupdikesociety\/select-online-interviews\/\">Continue reading <span class=\"meta-nav\">&rarr;<\/span><\/a><\/p>\n","protected":false},"author":818,"featured_media":0,"parent":0,"menu_order":0,"comment_status":"closed","ping_status":"closed","template":"","meta":{"footnotes":""},"class_list":["post-54","page","type-page","status-publish","hentry"],"_links":{"self":[{"href":"https:\/\/blogs.iwu.edu\/johnupdikesociety\/wp-json\/wp\/v2\/pages\/54","targetHints":{"allow":["GET"]}}],"collection":[{"href":"https:\/\/blogs.iwu.edu\/johnupdikesociety\/wp-json\/wp\/v2\/pages"}],"about":[{"href":"https:\/\/blogs.iwu.edu\/johnupdikesociety\/wp-json\/wp\/v2\/types\/page"}],"author":[{"embeddable":true,"href":"https:\/\/blogs.iwu.edu\/johnupdikesociety\/wp-json\/wp\/v2\/users\/818"}],"replies":[{"embeddable":true,"href":"https:\/\/blogs.iwu.edu\/johnupdikesociety\/wp-json\/wp\/v2\/comments?post=54"}],"version-history":[{"count":10,"href":"https:\/\/blogs.iwu.edu\/johnupdikesociety\/wp-json\/wp\/v2\/pages\/54\/revisions"}],"predecessor-version":[{"id":6694,"href":"https:\/\/blogs.iwu.edu\/johnupdikesociety\/wp-json\/wp\/v2\/pages\/54\/revisions\/6694"}],"wp:attachment":[{"href":"https:\/\/blogs.iwu.edu\/johnupdikesociety\/wp-json\/wp\/v2\/media?parent=54"}],"curies":[{"name":"wp","href":"https:\/\/api.w.org\/{rel}","templated":true}]}}