{"id":69,"date":"2009-08-11T20:51:05","date_gmt":"2009-08-11T20:51:05","guid":{"rendered":"http:\/\/estudioshispanicos.wordpress.com\/about-2\/"},"modified":"2014-02-28T20:18:25","modified_gmt":"2014-02-28T20:18:25","slug":"about","status":"publish","type":"page","link":"https:\/\/blogs.iwu.edu\/hispanic-studies\/about\/","title":{"rendered":"Qui\u00e9nes somos"},"content":{"rendered":"<p>El Departamento de Hispanic Studies de Illinois Wesleyan University ofrece a los estudiantes el estudio del idioma espa\u00f1ol tal como se habla en todo el mundo.<\/p>\n<p>Adem\u00e1s de lengua y ling\u00fc\u00edstica, ofrecemos clases de literatura y cultura de Espa\u00f1a, Latinoam\u00e9rica y Estados Unidos. Para cada estudiante&#8211;el que lo estudia como carrera, como segunda especialidad o el que cumple con los requisitos de &#8220;Educaci\u00f3n General&#8221;&#8211;queremos que se comunique efectivamente, que comprenda las diversas culturas hisp\u00e1nicas y que piense e imagine de forma independiente y \u00e9tica.<\/p>\n<p>Para preparar a nuestros estudiantes para vivir en una sociedad global, les animamos a que participen en las comunidades m\u00e1s all\u00e1 de la universidad y les ayudamos a adquirir los conocomientos para reflexionar y seguir aprendiendo durante toda la vida. Esperamos servir como modelos a imitar ampliando nuestras propias formas de ense\u00f1ar y de investigar.<\/p>\n<p>\u00a1Entra en nuestro blog y descubre qui\u00e9nes somos y qu\u00e9 hacemos en nuestro departamento! y para leer m\u00e1s sobre el Departamento de Hispanic Studies de la IWU v\u00e9ase <a title=\"Hispanic Studies at Illinois Wesleyan University\" href=\"http:\/\/www.iwu.edu\/hispanic\/\">esta p\u00e1gina<\/a>.<\/p>\n<p style=\"text-align:center\">\n","protected":false},"excerpt":{"rendered":"<p>El Departamento de Hispanic Studies de Illinois Wesleyan University ofrece a los estudiantes el estudio del idioma espa\u00f1ol tal como se habla en todo el mundo. Adem\u00e1s de lengua y ling\u00fc\u00edstica, ofrecemos clases de literatura y cultura de Espa\u00f1a, Latinoam\u00e9rica y Estados Unidos. Para cada estudiante&#8211;el que lo estudia como carrera, como segunda especialidad o &hellip; <a href=\"https:\/\/blogs.iwu.edu\/hispanic-studies\/about\/\" class=\"more-link\">Continue reading <span class=\"screen-reader-text\">Qui\u00e9nes somos<\/span> <span class=\"meta-nav\">&rarr;<\/span><\/a><\/p>\n","protected":false},"author":1,"featured_media":0,"parent":0,"menu_order":0,"comment_status":"closed","ping_status":"open","template":"","meta":{"footnotes":""},"class_list":["post-69","page","type-page","status-publish","hentry"],"_links":{"self":[{"href":"https:\/\/blogs.iwu.edu\/hispanic-studies\/wp-json\/wp\/v2\/pages\/69","targetHints":{"allow":["GET"]}}],"collection":[{"href":"https:\/\/blogs.iwu.edu\/hispanic-studies\/wp-json\/wp\/v2\/pages"}],"about":[{"href":"https:\/\/blogs.iwu.edu\/hispanic-studies\/wp-json\/wp\/v2\/types\/page"}],"author":[{"embeddable":true,"href":"https:\/\/blogs.iwu.edu\/hispanic-studies\/wp-json\/wp\/v2\/users\/1"}],"replies":[{"embeddable":true,"href":"https:\/\/blogs.iwu.edu\/hispanic-studies\/wp-json\/wp\/v2\/comments?post=69"}],"version-history":[{"count":3,"href":"https:\/\/blogs.iwu.edu\/hispanic-studies\/wp-json\/wp\/v2\/pages\/69\/revisions"}],"predecessor-version":[{"id":1142,"href":"https:\/\/blogs.iwu.edu\/hispanic-studies\/wp-json\/wp\/v2\/pages\/69\/revisions\/1142"}],"wp:attachment":[{"href":"https:\/\/blogs.iwu.edu\/hispanic-studies\/wp-json\/wp\/v2\/media?parent=69"}],"curies":[{"name":"wp","href":"https:\/\/api.w.org\/{rel}","templated":true}]}}